{"id":168,"date":"2024-04-08T09:07:12","date_gmt":"2024-04-08T07:07:12","guid":{"rendered":"http:\/\/www.prod.areaassurances.com\/?page_id=168"},"modified":"2025-03-17T16:18:22","modified_gmt":"2025-03-17T15:18:22","slug":"assurance-sante-area","status":"publish","type":"page","link":"https:\/\/areaassurances.com\/index.php\/produits\/particuliers\/assurance-sante-area\/","title":{"rendered":"Assurance Sant\u00e9\u00a0AREA"},"content":{"rendered":"\n<div class=\"wp-block-buttons is-layout-flex wp-block-buttons-is-layout-flex\">\n<div class=\"wp-block-button\"><a class=\"wp-block-button__link wp-element-button\"><strong>Assurance Sant\u00e9&nbsp;AREA<\/strong><\/a><\/div>\n<\/div>\n\n\n\n<p>L\u2019assurance sant\u00e9 a pour objet la couverture des frais m\u00e9dicaux et pharmaceutiques expos\u00e9s par vous et votre famille \u00e0 la suite d\u2019une maladie ou d\u2019un accident.<\/p>\n\n\n\n<p class=\"has-medium-font-size\"><strong>Atouts&nbsp;de l\u2019assurance sant\u00e9 AREA<\/strong><\/p>\n\n\n\n<ul class=\"wp-block-list\">\n<li>Les prises en charge se font 24h\/24<\/li>\n\n\n\n<li>La disponibilit\u00e9 des m\u00e9decins conseil 24h\/24<\/li>\n\n\n\n<li>La possibilit\u00e9 pour l\u2019assur\u00e9 de v\u00e9rifier directement sa prise en charge d\u00e8s la r\u00e9ception de son code envoy\u00e9 par <strong>AREA ASSURANCES<\/strong> sur son t\u00e9l\u00e9phone portable<\/li>\n\n\n\n<li>La possibilit\u00e9 d\u2019obtention des statistiques de consommation en temps r\u00e9el<\/li>\n\n\n\n<li>La pr\u00e9sence d\u2019un vaste r\u00e9seau de prestataire dans les 10 r\u00e9gions du Cameroun<\/li>\n\n\n\n<li>La prise en charge digitale<\/li>\n<\/ul>\n\n\n\n<p class=\"has-medium-font-size\"><strong>Les garanties de base<\/strong><\/p>\n\n\n\n<ul class=\"wp-block-list\">\n<li>Consultations et visites m\u00e9dicales<\/li>\n\n\n\n<li>Frais d\u2019hospitalisation<\/li>\n\n\n\n<li>Frais pharmaceutiques <\/li>\n\n\n\n<li>Hospitalisation <\/li>\n\n\n\n<li>Chirurgie <\/li>\n\n\n\n<li>Les frais d\u2019actes de sp\u00e9cialit\u00e9, radiologie, chirurgie, \u00e9chographie, IRM, scanner<\/li>\n\n\n\n<li>Analyses et travaux de laboratoires&nbsp;<\/li>\n\n\n\n<li>Sanatorium et pr\u00e9ventorium<\/li>\n<\/ul>\n\n\n\n<p class=\"has-medium-font-size\"><strong>Les extensions de garanties<\/strong><\/p>\n\n\n\n<ul class=\"wp-block-list\">\n<li>Lunetterie <\/li>\n\n\n\n<li>Soins dentaires&nbsp;<\/li>\n\n\n\n<li>Maternit\u00e9<\/li>\n<\/ul>\n\n\n\n<blockquote class=\"wp-block-quote is-layout-flow wp-block-quote-is-layout-flow\">\n<p><\/p>\n<cite>L\u2019assurance sant\u00e9 AREA offre aussi la possibilit\u00e9 de couverture des frais d\u2019\u00e9vacuation sanitaire et de soins \u00e0 l\u2019\u00e9tranger.<\/cite><\/blockquote>\n\n\n\n<figure class=\"wp-block-gallery has-nested-images columns-default is-cropped wp-block-gallery-1 is-layout-flex wp-block-gallery-is-layout-flex\">\n<figure class=\"wp-block-image size-large\"><img loading=\"lazy\" decoding=\"async\" width=\"1024\" height=\"1024\" data-id=\"338\" src=\"https:\/\/areaassurances.com\/wp-content\/uploads\/Sante1.png\" alt=\"\" class=\"wp-image-338\" srcset=\"https:\/\/areaassurances.com\/wp-content\/uploads\/Sante1.png 1024w, https:\/\/areaassurances.com\/wp-content\/uploads\/Sante1-300x300.png 300w, https:\/\/areaassurances.com\/wp-content\/uploads\/Sante1-150x150.png 150w, https:\/\/areaassurances.com\/wp-content\/uploads\/Sante1-768x768.png 768w\" sizes=\"auto, (max-width: 1024px) 100vw, 1024px\" \/><\/figure>\n\n\n\n<figure class=\"wp-block-image size-large\"><img loading=\"lazy\" decoding=\"async\" width=\"1024\" height=\"1024\" data-id=\"339\" src=\"https:\/\/areaassurances.com\/wp-content\/uploads\/Sante2.png\" alt=\"\" class=\"wp-image-339\" srcset=\"https:\/\/areaassurances.com\/wp-content\/uploads\/Sante2.png 1024w, https:\/\/areaassurances.com\/wp-content\/uploads\/Sante2-300x300.png 300w, https:\/\/areaassurances.com\/wp-content\/uploads\/Sante2-150x150.png 150w, https:\/\/areaassurances.com\/wp-content\/uploads\/Sante2-768x768.png 768w\" sizes=\"auto, (max-width: 1024px) 100vw, 1024px\" \/><\/figure>\n<\/figure>\n","protected":false},"excerpt":{"rendered":"<p>L\u2019assurance sant\u00e9 a pour objet la couverture des frais m\u00e9dicaux et pharmaceutiques expos\u00e9s par vous et votre famille \u00e0 la suite d\u2019une maladie ou d\u2019un accident. Atouts&nbsp;de l\u2019assurance sant\u00e9 AREA Les garanties de base Les extensions de garanties L\u2019assurance sant\u00e9 AREA offre aussi la possibilit\u00e9 de couverture des frais d\u2019\u00e9vacuation sanitaire et de soins \u00e0 [&hellip;]<\/p>\n","protected":false},"author":1,"featured_media":0,"parent":37,"menu_order":4,"comment_status":"closed","ping_status":"closed","template":"","meta":{"footnotes":""},"class_list":["post-168","page","type-page","status-publish","hentry"],"_links":{"self":[{"href":"https:\/\/areaassurances.com\/index.php\/wp-json\/wp\/v2\/pages\/168","targetHints":{"allow":["GET"]}}],"collection":[{"href":"https:\/\/areaassurances.com\/index.php\/wp-json\/wp\/v2\/pages"}],"about":[{"href":"https:\/\/areaassurances.com\/index.php\/wp-json\/wp\/v2\/types\/page"}],"author":[{"embeddable":true,"href":"https:\/\/areaassurances.com\/index.php\/wp-json\/wp\/v2\/users\/1"}],"replies":[{"embeddable":true,"href":"https:\/\/areaassurances.com\/index.php\/wp-json\/wp\/v2\/comments?post=168"}],"version-history":[{"count":4,"href":"https:\/\/areaassurances.com\/index.php\/wp-json\/wp\/v2\/pages\/168\/revisions"}],"predecessor-version":[{"id":340,"href":"https:\/\/areaassurances.com\/index.php\/wp-json\/wp\/v2\/pages\/168\/revisions\/340"}],"up":[{"embeddable":true,"href":"https:\/\/areaassurances.com\/index.php\/wp-json\/wp\/v2\/pages\/37"}],"wp:attachment":[{"href":"https:\/\/areaassurances.com\/index.php\/wp-json\/wp\/v2\/media?parent=168"}],"curies":[{"name":"wp","href":"https:\/\/api.w.org\/{rel}","templated":true}]}}