{"id":172,"date":"2024-04-08T09:21:54","date_gmt":"2024-04-08T07:21:54","guid":{"rendered":"http:\/\/www.prod.areaassurances.com\/?page_id=172"},"modified":"2025-03-17T16:21:59","modified_gmt":"2025-03-17T15:21:59","slug":"lassurance-individuelle-accidents-corporels","status":"publish","type":"page","link":"https:\/\/areaassurances.com\/index.php\/produits\/particuliers\/lassurance-individuelle-accidents-corporels\/","title":{"rendered":"L\u2019assurance Individuelle Accidents Corporels"},"content":{"rendered":"\n<div class=\"wp-block-buttons is-layout-flex wp-block-buttons-is-layout-flex\">\n<div class=\"wp-block-button\"><a class=\"wp-block-button__link wp-element-button\"><strong><strong>L\u2019assurance Individuelle Accidents Corporels<\/strong><\/strong><\/a><\/div>\n<\/div>\n\n\n\n<p>L\u2019assurance Individuelle Accidents Corporels permet de mieux vous prot\u00e9ger et ainsi que votre famille. Elle prend \u00e9galement en charge les frais m\u00e9dicaux et pharmaceutiques cons\u00e9cutifs \u00e0 l\u2019accident<\/p>\n\n\n\n<p class=\"has-medium-font-size\"><strong>Les garanties accord\u00e9es<\/strong><\/p>\n\n\n\n<ul class=\"wp-block-list\">\n<li>En cas de d\u00e9c\u00e8s, le versement d\u2019un capital aux ayants-droits ou aux b\u00e9n\u00e9ficiaires d\u00e9sign\u00e9s&nbsp;<\/li>\n\n\n\n<li>En cas d\u2019invalidit\u00e9 permanente, le versement d\u2019un capital proportionnellement au taux d\u2019invalidit\u00e9&nbsp;<\/li>\n\n\n\n<li>Les frais m\u00e9dicaux et pharmaceutiques<\/li>\n<\/ul>\n\n\n\n<figure class=\"wp-block-gallery has-nested-images columns-default is-cropped wp-block-gallery-1 is-layout-flex wp-block-gallery-is-layout-flex\">\n<figure class=\"wp-block-image size-large\"><img loading=\"lazy\" decoding=\"async\" width=\"1024\" height=\"1024\" data-id=\"342\" src=\"https:\/\/areaassurances.com\/wp-content\/uploads\/Individuel1.png\" alt=\"\" class=\"wp-image-342\" srcset=\"https:\/\/areaassurances.com\/wp-content\/uploads\/Individuel1.png 1024w, https:\/\/areaassurances.com\/wp-content\/uploads\/Individuel1-300x300.png 300w, https:\/\/areaassurances.com\/wp-content\/uploads\/Individuel1-150x150.png 150w, https:\/\/areaassurances.com\/wp-content\/uploads\/Individuel1-768x768.png 768w\" sizes=\"auto, (max-width: 1024px) 100vw, 1024px\" \/><\/figure>\n\n\n\n<figure class=\"wp-block-image size-large\"><img loading=\"lazy\" decoding=\"async\" width=\"1024\" height=\"1024\" data-id=\"343\" src=\"https:\/\/areaassurances.com\/wp-content\/uploads\/Individuel2.png\" alt=\"\" class=\"wp-image-343\" srcset=\"https:\/\/areaassurances.com\/wp-content\/uploads\/Individuel2.png 1024w, https:\/\/areaassurances.com\/wp-content\/uploads\/Individuel2-300x300.png 300w, https:\/\/areaassurances.com\/wp-content\/uploads\/Individuel2-150x150.png 150w, https:\/\/areaassurances.com\/wp-content\/uploads\/Individuel2-768x768.png 768w\" sizes=\"auto, (max-width: 1024px) 100vw, 1024px\" \/><\/figure>\n<\/figure>\n","protected":false},"excerpt":{"rendered":"<p>L\u2019assurance Individuelle Accidents Corporels permet de mieux vous prot\u00e9ger et ainsi que votre famille. Elle prend \u00e9galement en charge les frais m\u00e9dicaux et pharmaceutiques cons\u00e9cutifs \u00e0 l\u2019accident Les garanties accord\u00e9es<\/p>\n","protected":false},"author":1,"featured_media":0,"parent":37,"menu_order":5,"comment_status":"closed","ping_status":"closed","template":"","meta":{"footnotes":""},"class_list":["post-172","page","type-page","status-publish","hentry"],"_links":{"self":[{"href":"https:\/\/areaassurances.com\/index.php\/wp-json\/wp\/v2\/pages\/172","targetHints":{"allow":["GET"]}}],"collection":[{"href":"https:\/\/areaassurances.com\/index.php\/wp-json\/wp\/v2\/pages"}],"about":[{"href":"https:\/\/areaassurances.com\/index.php\/wp-json\/wp\/v2\/types\/page"}],"author":[{"embeddable":true,"href":"https:\/\/areaassurances.com\/index.php\/wp-json\/wp\/v2\/users\/1"}],"replies":[{"embeddable":true,"href":"https:\/\/areaassurances.com\/index.php\/wp-json\/wp\/v2\/comments?post=172"}],"version-history":[{"count":3,"href":"https:\/\/areaassurances.com\/index.php\/wp-json\/wp\/v2\/pages\/172\/revisions"}],"predecessor-version":[{"id":344,"href":"https:\/\/areaassurances.com\/index.php\/wp-json\/wp\/v2\/pages\/172\/revisions\/344"}],"up":[{"embeddable":true,"href":"https:\/\/areaassurances.com\/index.php\/wp-json\/wp\/v2\/pages\/37"}],"wp:attachment":[{"href":"https:\/\/areaassurances.com\/index.php\/wp-json\/wp\/v2\/media?parent=172"}],"curies":[{"name":"wp","href":"https:\/\/api.w.org\/{rel}","templated":true}]}}