{"id":174,"date":"2024-04-08T09:28:37","date_gmt":"2024-04-08T07:28:37","guid":{"rendered":"http:\/\/www.prod.areaassurances.com\/?page_id=174"},"modified":"2025-03-17T18:00:06","modified_gmt":"2025-03-17T17:00:06","slug":"lassurance-tous-risques-chantiers","status":"publish","type":"page","link":"https:\/\/areaassurances.com\/index.php\/produits\/particuliers\/lassurance-tous-risques-chantiers\/","title":{"rendered":"L\u2019Assurance Tous Risques Chantiers"},"content":{"rendered":"\n<div class=\"wp-block-buttons is-layout-flex wp-block-buttons-is-layout-flex\">\n<div class=\"wp-block-button\"><a class=\"wp-block-button__link wp-element-button\"><strong><strong><strong>L\u2019Assurance Tous Risques Chantiers<\/strong><\/strong><\/strong><\/a><\/div>\n<\/div>\n\n\n\n<p>Vous \u00eates propri\u00e9taire ou ma\u00eetre d\u2019ouvrage, cette assurance vous prot\u00e8ge des pertes financi\u00e8res d\u00e9coulant des dommages subis par votre ouvrage, pendant la p\u00e9riode de construction, mais aussi pendant la p\u00e9riode de maintenance. Elle couvre \u00e9galement les cons\u00e9quences p\u00e9cuniaires de votre responsabilit\u00e9 civile vis-\u00e0-vis des tiers pendant l\u2019ex\u00e9cution des travaux<\/p>\n\n\n\n<p class=\"has-medium-font-size\"><strong>Atouts<\/strong><\/p>\n\n\n\n<ul class=\"wp-block-list\">\n<li>Tarif comp\u00e9titif et garanties adapt\u00e9es \u00e0 vos besoins<\/li>\n<\/ul>\n\n\n\n<figure class=\"wp-block-gallery has-nested-images columns-default is-cropped wp-block-gallery-1 is-layout-flex wp-block-gallery-is-layout-flex\">\n<figure class=\"wp-block-image size-full\"><img loading=\"lazy\" decoding=\"async\" width=\"1024\" height=\"1024\" data-id=\"360\" src=\"https:\/\/areaassurances.com\/wp-content\/uploads\/TRC1-1.png\" alt=\"\" class=\"wp-image-360\" srcset=\"https:\/\/areaassurances.com\/wp-content\/uploads\/TRC1-1.png 1024w, https:\/\/areaassurances.com\/wp-content\/uploads\/TRC1-1-300x300.png 300w, https:\/\/areaassurances.com\/wp-content\/uploads\/TRC1-1-150x150.png 150w, https:\/\/areaassurances.com\/wp-content\/uploads\/TRC1-1-768x768.png 768w\" sizes=\"auto, (max-width: 1024px) 100vw, 1024px\" \/><\/figure>\n\n\n\n<figure class=\"wp-block-image size-full\"><img loading=\"lazy\" decoding=\"async\" width=\"1024\" height=\"1024\" data-id=\"361\" src=\"https:\/\/areaassurances.com\/wp-content\/uploads\/Trc2-1.png\" alt=\"\" class=\"wp-image-361\" srcset=\"https:\/\/areaassurances.com\/wp-content\/uploads\/Trc2-1.png 1024w, https:\/\/areaassurances.com\/wp-content\/uploads\/Trc2-1-300x300.png 300w, https:\/\/areaassurances.com\/wp-content\/uploads\/Trc2-1-150x150.png 150w, https:\/\/areaassurances.com\/wp-content\/uploads\/Trc2-1-768x768.png 768w\" sizes=\"auto, (max-width: 1024px) 100vw, 1024px\" \/><\/figure>\n<\/figure>\n","protected":false},"excerpt":{"rendered":"<p>Vous \u00eates propri\u00e9taire ou ma\u00eetre d\u2019ouvrage, cette assurance vous prot\u00e8ge des pertes financi\u00e8res d\u00e9coulant des dommages subis par votre ouvrage, pendant la p\u00e9riode de construction, mais aussi pendant la p\u00e9riode de maintenance. Elle couvre \u00e9galement les cons\u00e9quences p\u00e9cuniaires de votre responsabilit\u00e9 civile vis-\u00e0-vis des tiers pendant l\u2019ex\u00e9cution des travaux Atouts<\/p>\n","protected":false},"author":1,"featured_media":0,"parent":37,"menu_order":5,"comment_status":"closed","ping_status":"closed","template":"","meta":{"footnotes":""},"class_list":["post-174","page","type-page","status-publish","hentry"],"_links":{"self":[{"href":"https:\/\/areaassurances.com\/index.php\/wp-json\/wp\/v2\/pages\/174","targetHints":{"allow":["GET"]}}],"collection":[{"href":"https:\/\/areaassurances.com\/index.php\/wp-json\/wp\/v2\/pages"}],"about":[{"href":"https:\/\/areaassurances.com\/index.php\/wp-json\/wp\/v2\/types\/page"}],"author":[{"embeddable":true,"href":"https:\/\/areaassurances.com\/index.php\/wp-json\/wp\/v2\/users\/1"}],"replies":[{"embeddable":true,"href":"https:\/\/areaassurances.com\/index.php\/wp-json\/wp\/v2\/comments?post=174"}],"version-history":[{"count":3,"href":"https:\/\/areaassurances.com\/index.php\/wp-json\/wp\/v2\/pages\/174\/revisions"}],"predecessor-version":[{"id":362,"href":"https:\/\/areaassurances.com\/index.php\/wp-json\/wp\/v2\/pages\/174\/revisions\/362"}],"up":[{"embeddable":true,"href":"https:\/\/areaassurances.com\/index.php\/wp-json\/wp\/v2\/pages\/37"}],"wp:attachment":[{"href":"https:\/\/areaassurances.com\/index.php\/wp-json\/wp\/v2\/media?parent=174"}],"curies":[{"name":"wp","href":"https:\/\/api.w.org\/{rel}","templated":true}]}}