{"id":176,"date":"2024-04-08T09:32:24","date_gmt":"2024-04-08T07:32:24","guid":{"rendered":"http:\/\/www.prod.areaassurances.com\/?page_id=176"},"modified":"2025-03-17T16:29:10","modified_gmt":"2025-03-17T15:29:10","slug":"lassurance-des-marchandises-facultes-transportees","status":"publish","type":"page","link":"https:\/\/areaassurances.com\/index.php\/produits\/particuliers\/lassurance-des-marchandises-facultes-transportees\/","title":{"rendered":"L\u2019Assurance des Marchandises (facult\u00e9s) Transport\u00e9es"},"content":{"rendered":"\n<div class=\"wp-block-buttons is-layout-flex wp-block-buttons-is-layout-flex\">\n<div class=\"wp-block-button\"><a class=\"wp-block-button__link wp-element-button\"><strong><strong><strong><strong>L\u2019Assurance des Marchandises (facult\u00e9s) Transport\u00e9es<\/strong><\/strong><\/strong><\/strong><\/a><\/div>\n<\/div>\n\n\n\n<p>L\u2019assurance des marchandises (facult\u00e9s) transport\u00e9es couvre vos biens contre les risques auxquels ils sont expos\u00e9s pendant leur transport par voie terrestre, maritime ou a\u00e9rienne.<\/p>\n\n\n\n<p>Les garanties sont adapt\u00e9es \u00e0 vos besoins&nbsp;selon les types de transports&nbsp;:<\/p>\n\n\n\n<p class=\"has-medium-font-size\"><strong><strong>Facult\u00e9s maritimes<\/strong><\/strong><\/p>\n\n\n\n<ul class=\"wp-block-list\">\n<li>FAP SAUF<\/li>\n<\/ul>\n\n\n\n<p class=\"has-medium-font-size\"><strong><strong><strong>Facult\u00e9s terrestres<\/strong><\/strong><\/strong><\/p>\n\n\n\n<ul class=\"wp-block-list\">\n<li>Accidents caract\u00e9ris\u00e9s&nbsp;;<\/li>\n\n\n\n<li>Vols cons\u00e9cutifs aux accidents caract\u00e9ris\u00e9s<\/li>\n<\/ul>\n\n\n\n<p class=\"has-medium-font-size\"><strong><strong><strong><strong>Facult\u00e9s a\u00e9riennes<\/strong><\/strong><\/strong><\/strong><\/p>\n\n\n\n<ul class=\"wp-block-list\">\n<li>Ev\u00e9nements majeurs<\/li>\n<\/ul>\n\n\n\n<figure class=\"wp-block-gallery has-nested-images columns-default is-cropped wp-block-gallery-1 is-layout-flex wp-block-gallery-is-layout-flex\">\n<figure class=\"wp-block-image size-large\"><img loading=\"lazy\" decoding=\"async\" width=\"1024\" height=\"1024\" data-id=\"349\" src=\"https:\/\/areaassurances.com\/wp-content\/uploads\/marchandises1.png\" alt=\"\" class=\"wp-image-349\" srcset=\"https:\/\/areaassurances.com\/wp-content\/uploads\/marchandises1.png 1024w, https:\/\/areaassurances.com\/wp-content\/uploads\/marchandises1-300x300.png 300w, https:\/\/areaassurances.com\/wp-content\/uploads\/marchandises1-150x150.png 150w, https:\/\/areaassurances.com\/wp-content\/uploads\/marchandises1-768x768.png 768w\" sizes=\"auto, (max-width: 1024px) 100vw, 1024px\" \/><\/figure>\n\n\n\n<figure class=\"wp-block-image size-large\"><img loading=\"lazy\" decoding=\"async\" width=\"1024\" height=\"1024\" data-id=\"350\" src=\"https:\/\/areaassurances.com\/wp-content\/uploads\/marchandises2.png\" alt=\"\" class=\"wp-image-350\" srcset=\"https:\/\/areaassurances.com\/wp-content\/uploads\/marchandises2.png 1024w, https:\/\/areaassurances.com\/wp-content\/uploads\/marchandises2-300x300.png 300w, https:\/\/areaassurances.com\/wp-content\/uploads\/marchandises2-150x150.png 150w, https:\/\/areaassurances.com\/wp-content\/uploads\/marchandises2-768x768.png 768w\" sizes=\"auto, (max-width: 1024px) 100vw, 1024px\" \/><\/figure>\n<\/figure>\n","protected":false},"excerpt":{"rendered":"<p>L\u2019assurance des marchandises (facult\u00e9s) transport\u00e9es couvre vos biens contre les risques auxquels ils sont expos\u00e9s pendant leur transport par voie terrestre, maritime ou a\u00e9rienne. Les garanties sont adapt\u00e9es \u00e0 vos besoins&nbsp;selon les types de transports&nbsp;: Facult\u00e9s maritimes Facult\u00e9s terrestres Facult\u00e9s a\u00e9riennes<\/p>\n","protected":false},"author":1,"featured_media":0,"parent":37,"menu_order":6,"comment_status":"closed","ping_status":"closed","template":"templates\/template-page-full-width.php","meta":{"footnotes":""},"class_list":["post-176","page","type-page","status-publish","hentry"],"_links":{"self":[{"href":"https:\/\/areaassurances.com\/index.php\/wp-json\/wp\/v2\/pages\/176","targetHints":{"allow":["GET"]}}],"collection":[{"href":"https:\/\/areaassurances.com\/index.php\/wp-json\/wp\/v2\/pages"}],"about":[{"href":"https:\/\/areaassurances.com\/index.php\/wp-json\/wp\/v2\/types\/page"}],"author":[{"embeddable":true,"href":"https:\/\/areaassurances.com\/index.php\/wp-json\/wp\/v2\/users\/1"}],"replies":[{"embeddable":true,"href":"https:\/\/areaassurances.com\/index.php\/wp-json\/wp\/v2\/comments?post=176"}],"version-history":[{"count":2,"href":"https:\/\/areaassurances.com\/index.php\/wp-json\/wp\/v2\/pages\/176\/revisions"}],"predecessor-version":[{"id":351,"href":"https:\/\/areaassurances.com\/index.php\/wp-json\/wp\/v2\/pages\/176\/revisions\/351"}],"up":[{"embeddable":true,"href":"https:\/\/areaassurances.com\/index.php\/wp-json\/wp\/v2\/pages\/37"}],"wp:attachment":[{"href":"https:\/\/areaassurances.com\/index.php\/wp-json\/wp\/v2\/media?parent=176"}],"curies":[{"name":"wp","href":"https:\/\/api.w.org\/{rel}","templated":true}]}}