{"id":181,"date":"2024-04-08T09:43:16","date_gmt":"2024-04-08T07:43:16","guid":{"rendered":"http:\/\/www.prod.areaassurances.com\/?page_id=181"},"modified":"2025-03-17T18:01:45","modified_gmt":"2025-03-17T17:01:45","slug":"assurance-flotte-automobile-de-lentreprise","status":"publish","type":"page","link":"https:\/\/areaassurances.com\/index.php\/produits\/professionnels-et-entreprises\/assurance-flotte-automobile-de-lentreprise\/","title":{"rendered":"Assurance Flotte Automobile de l\u2019entreprise"},"content":{"rendered":"\n<div class=\"wp-block-buttons is-layout-flex wp-block-buttons-is-layout-flex\">\n<div class=\"wp-block-button\"><a class=\"wp-block-button__link wp-element-button\"><strong>Assurance Flotte Automobile de l\u2019entreprise<\/strong><\/a><\/div>\n<\/div>\n\n\n\n<p>L\u2019assurance Flotte Automobile prot\u00e8ge les v\u00e9hicules de votre entreprise en vous offrant des formules adapt\u00e9es \u00e0 vos besoins et \u00e0 des prix comp\u00e9titifs. L\u2019assurance Globale Dommages est essentielle pour la p\u00e9rennit\u00e9 de votre entreprise.<\/p>\n\n\n\n<p>Nous vous proposons dans votre contrat flotte une large palette de garanties que vous choisissez en fonction de vos besoins&nbsp;:<\/p>\n\n\n\n<ul class=\"wp-block-list\">\n<li>Responsabilit\u00e9 Civile,<\/li>\n\n\n\n<li>Recours Des Tiers Incendie,<\/li>\n\n\n\n<li>D\u00e9fense &amp; Recours,<\/li>\n\n\n\n<li>Individuelle Accidents Conducteur,<\/li>\n\n\n\n<li>Individuelle Personnes Transport\u00e9es,<\/li>\n\n\n\n<li>Incendie\/Explosion, &nbsp;<\/li>\n\n\n\n<li>Vol\/Vol Partiel,<\/li>\n\n\n\n<li>Bris de glaces,<\/li>\n\n\n\n<li>&nbsp;Assistance \u00e0 La R\u00e9paration,<\/li>\n\n\n\n<li>Dommage Tous Accidents.<\/li>\n<\/ul>\n\n\n\n<figure class=\"wp-block-image size-full is-resized\"><img loading=\"lazy\" decoding=\"async\" width=\"1024\" height=\"1024\" src=\"https:\/\/areaassurances.com\/wp-content\/uploads\/image.png\" alt=\"L\u2019attribut alt de cette image est vide, son nom de fichier est Flotte_auto.png.\" class=\"wp-image-364\" style=\"width:317px;height:auto\" srcset=\"https:\/\/areaassurances.com\/wp-content\/uploads\/image.png 1024w, https:\/\/areaassurances.com\/wp-content\/uploads\/image-300x300.png 300w, https:\/\/areaassurances.com\/wp-content\/uploads\/image-150x150.png 150w, https:\/\/areaassurances.com\/wp-content\/uploads\/image-768x768.png 768w\" sizes=\"auto, (max-width: 1024px) 100vw, 1024px\" \/><\/figure>\n\n\n\n<p><\/p>\n","protected":false},"excerpt":{"rendered":"<p>L\u2019assurance Flotte Automobile prot\u00e8ge les v\u00e9hicules de votre entreprise en vous offrant des formules adapt\u00e9es \u00e0 vos besoins et \u00e0 des prix comp\u00e9titifs. L\u2019assurance Globale Dommages est essentielle pour la p\u00e9rennit\u00e9 de votre entreprise. Nous vous proposons dans votre contrat flotte une large palette de garanties que vous choisissez en fonction de vos besoins&nbsp;:<\/p>\n","protected":false},"author":1,"featured_media":0,"parent":39,"menu_order":4,"comment_status":"closed","ping_status":"closed","template":"templates\/template-page-full-width.php","meta":{"footnotes":""},"class_list":["post-181","page","type-page","status-publish","hentry"],"_links":{"self":[{"href":"https:\/\/areaassurances.com\/index.php\/wp-json\/wp\/v2\/pages\/181","targetHints":{"allow":["GET"]}}],"collection":[{"href":"https:\/\/areaassurances.com\/index.php\/wp-json\/wp\/v2\/pages"}],"about":[{"href":"https:\/\/areaassurances.com\/index.php\/wp-json\/wp\/v2\/types\/page"}],"author":[{"embeddable":true,"href":"https:\/\/areaassurances.com\/index.php\/wp-json\/wp\/v2\/users\/1"}],"replies":[{"embeddable":true,"href":"https:\/\/areaassurances.com\/index.php\/wp-json\/wp\/v2\/comments?post=181"}],"version-history":[{"count":3,"href":"https:\/\/areaassurances.com\/index.php\/wp-json\/wp\/v2\/pages\/181\/revisions"}],"predecessor-version":[{"id":366,"href":"https:\/\/areaassurances.com\/index.php\/wp-json\/wp\/v2\/pages\/181\/revisions\/366"}],"up":[{"embeddable":true,"href":"https:\/\/areaassurances.com\/index.php\/wp-json\/wp\/v2\/pages\/39"}],"wp:attachment":[{"href":"https:\/\/areaassurances.com\/index.php\/wp-json\/wp\/v2\/media?parent=181"}],"curies":[{"name":"wp","href":"https:\/\/api.w.org\/{rel}","templated":true}]}}