{"id":29,"date":"2024-03-10T18:53:31","date_gmt":"2024-03-10T17:53:31","guid":{"rendered":"http:\/\/localhost:8888\/2024\/AREAASSURANCES\/v1\/?page_id=29"},"modified":"2024-04-22T07:55:40","modified_gmt":"2024-04-22T05:55:40","slug":"area-assurances","status":"publish","type":"page","link":"https:\/\/areaassurances.com\/index.php\/a-propos\/area-assurances\/","title":{"rendered":"AREA ASSURANCES"},"content":{"rendered":"\n<h2 class=\"wp-block-heading\">PRESENTATION<\/h2>\n\n\n\n<ul class=\"wp-block-list\">\n<li><strong>AREA ASSURANCES<\/strong> voit le jour par arr\u00eat\u00e9 N\u00b0001\/A du 20 septembre 2007. Elle est autoris\u00e9e \u00e0 pr\u00e9senter les op\u00e9rations d&rsquo;assurances incendie, Accidents, Risques divers et Transport sur toute l&rsquo;\u00e9tendue du territoire national et de la zone CIMA.<\/li>\n\n\n\n<li>Le si\u00e8ge social est au 38 Rue de la Motte Piquet Bonanjo &#8211; Douala. Elle est une actrice de choix du paysage \u00e9conomique et du secteur des assurances au niveau national et dans la zone CIMA.<\/li>\n\n\n\n<li>Professionnelle et engag\u00e9e, elle est soutenue par des cadres d&rsquo;assurance hautement qualifi\u00e9s et d\u00e9vou\u00e9s \u00e0 la t\u00e2che, pr\u00eat \u00e0 satisfaire aux attentes de ses clients, b\u00e9n\u00e9ficiaires des contrats d&rsquo;assurance et les parties int\u00e9ress\u00e9es pertinentes en mati\u00e8re de protection de leur patrimoine.<\/li>\n\n\n\n<li><strong>AREA ASSURANCES <\/strong>respecte les contraintes l\u00e9gales et r\u00e8glementaires en vigueur notamment:\n<ul class=\"wp-block-list\">\n<li>Capital social minium<\/li>\n\n\n\n<li>Capitaux propres<\/li>\n\n\n\n<li>Marge de solvabilit\u00e9<\/li>\n\n\n\n<li>Couverture des engagements r\u00e8glementaires<\/li>\n<\/ul>\n<\/li>\n<\/ul>\n\n\n\n<h2 class=\"wp-block-heading\">LA VISION<\/h2>\n\n\n\n<p><strong><em style=\"color:#fff;background:#003399;\">\u00catre \u00e0 l\u2019horizon 2028, une entreprise p\u00e9renne qui inspire confiance, et place le client au c\u0153ur de sa strat\u00e9gie.<\/em><\/strong><\/p>\n\n\n\n<h2 class=\"wp-block-heading\">NOS VALEURS<\/h2>\n\n\n\n<ul class=\"wp-block-list\">\n<li><strong>Esprit d&rsquo;\u00e9quipe<\/strong><\/li>\n\n\n\n<li><strong>Professionnalisme<\/strong><\/li>\n\n\n\n<li><strong>Int\u00e9grit\u00e9<\/strong><\/li>\n\n\n\n<li><strong>Loyaut\u00e9<\/strong><\/li>\n<\/ul>\n","protected":false},"excerpt":{"rendered":"<p>PRESENTATION LA VISION \u00catre \u00e0 l\u2019horizon 2028, une entreprise p\u00e9renne qui inspire confiance, et place le client au c\u0153ur de sa strat\u00e9gie. NOS VALEURS<\/p>\n","protected":false},"author":1,"featured_media":0,"parent":27,"menu_order":0,"comment_status":"closed","ping_status":"closed","template":"templates\/template-page-full-width.php","meta":{"footnotes":""},"class_list":["post-29","page","type-page","status-publish","hentry"],"_links":{"self":[{"href":"https:\/\/areaassurances.com\/index.php\/wp-json\/wp\/v2\/pages\/29","targetHints":{"allow":["GET"]}}],"collection":[{"href":"https:\/\/areaassurances.com\/index.php\/wp-json\/wp\/v2\/pages"}],"about":[{"href":"https:\/\/areaassurances.com\/index.php\/wp-json\/wp\/v2\/types\/page"}],"author":[{"embeddable":true,"href":"https:\/\/areaassurances.com\/index.php\/wp-json\/wp\/v2\/users\/1"}],"replies":[{"embeddable":true,"href":"https:\/\/areaassurances.com\/index.php\/wp-json\/wp\/v2\/comments?post=29"}],"version-history":[{"count":2,"href":"https:\/\/areaassurances.com\/index.php\/wp-json\/wp\/v2\/pages\/29\/revisions"}],"predecessor-version":[{"id":242,"href":"https:\/\/areaassurances.com\/index.php\/wp-json\/wp\/v2\/pages\/29\/revisions\/242"}],"up":[{"embeddable":true,"href":"https:\/\/areaassurances.com\/index.php\/wp-json\/wp\/v2\/pages\/27"}],"wp:attachment":[{"href":"https:\/\/areaassurances.com\/index.php\/wp-json\/wp\/v2\/media?parent=29"}],"curies":[{"name":"wp","href":"https:\/\/api.w.org\/{rel}","templated":true}]}}