{"id":55,"date":"2024-03-10T19:05:24","date_gmt":"2024-03-10T18:05:24","guid":{"rendered":"http:\/\/localhost:8888\/2024\/AREAASSURANCES\/v1\/?page_id=55"},"modified":"2024-09-13T13:25:04","modified_gmt":"2024-09-13T11:25:04","slug":"contacts","status":"publish","type":"page","link":"https:\/\/areaassurances.com\/index.php\/contacts\/","title":{"rendered":"Contacts"},"content":{"rendered":"\n<div class=\"wp-block-media-text is-stacked-on-mobile\"><figure class=\"wp-block-media-text__media\"><img loading=\"lazy\" decoding=\"async\" width=\"750\" height=\"500\" src=\"http:\/\/www.prod.areaassurances.com\/wp-content\/uploads\/call-center.jpg\" alt=\"\" class=\"wp-image-218 size-full\" srcset=\"https:\/\/areaassurances.com\/wp-content\/uploads\/call-center.jpg 750w, https:\/\/areaassurances.com\/wp-content\/uploads\/call-center-300x200.jpg 300w\" sizes=\"auto, (max-width: 750px) 100vw, 750px\" \/><\/figure><div class=\"wp-block-media-text__content\">\n<h2 class=\"wp-block-heading\">Adresse<\/h2>\n\n\n\n<ul class=\"wp-block-list\">\n<li>Rue de la motte-piquet Bonanjo<\/li>\n\n\n\n<li>T\u00e9l.\u00a0: (+237) \u00a0<strong>655 36 49 11<\/strong><\/li>\n<\/ul>\n\n\n\n<h2 class=\"wp-block-heading\">Nos emails<\/h2>\n\n\n\n<hr class=\"wp-block-separator has-alpha-channel-opacity\"\/>\n\n\n\n<ul class=\"wp-block-list\">\n<li><a href=\"mailto:standard-area@areaassurances.com\">standard-area@areaassurances.com<\/a><\/li>\n\n\n\n<li><a href=\"mailto:sante@areaassurances.com\">sante@areaassurances.com<\/a> <\/li>\n\n\n\n<li><a href=\"mailto:sinistre@areaassurances.com\">sinistre@areaassurances.com<\/a><\/li>\n\n\n\n<li><a href=\"mailto:dcommerciale@areaassurances.com\">dcommerciale@areaassurances.com<\/a> <\/li>\n\n\n\n<li><a href=\"mailto:area@areaassurances.com\">area@areaassurances.com<\/a><\/li>\n<\/ul>\n\n\n\n<p><\/p>\n<\/div><\/div>\n\n\n\n<hr class=\"wp-block-separator has-alpha-channel-opacity\"\/>\n\n\n\n<p class=\"has-text-align-center\"><strong>NOTRE RESEAU DE BUREAUX DIRECTS ET AGENTS GENERAUX<\/strong><\/p>\n\n\n\n<details class=\"wp-block-details is-layout-flow wp-block-details-is-layout-flow\"><summary>LITTORAL<\/summary>\n<p><\/p>\n\n\n\n<figure class=\"wp-block-table\"><table class=\"has-fixed-layout\"><thead><tr><th>Nos Bureaux Directs<\/th><th>Nos Agents G\u00e9n\u00e9raux<\/th><\/tr><\/thead><tbody><tr><td><strong>Bureau Direct Si\u00e8ge<\/strong><br>Rue de la motte-piquet Bonanjo<br>T\u00e9l.&nbsp;: 233.43.81.97\/242 67 19 39<br>Email&nbsp;: <a href=\"mailto:bdbonanjo@areaassurances.com\">bdbonanjo@areaassurances.com<\/a><\/td><td><strong>Agent G\u00e9n\u00e9ral Sadi Assurance Sarl<\/strong><br>Face Marie Douala 5<sup>e<\/sup><br>T\u00e9l.&nbsp;: 233.03.49.94<br>Email&nbsp;:agsadiassurance@areaassurances.com<\/td><\/tr><tr><td><strong>Bureau Direct Akwa<\/strong><br>Rond-point salle des f\u00eates Akwa<br>T\u00e9l.&nbsp;: 243 03 49 85<br>Email&nbsp;:<strong> <\/strong><a href=\"mailto:bdakwa@areaassurances.com\">bdakwa@areaassurances.com<\/a><\/td><td><strong>Agent G\u00e9n\u00e9ral Tsetezo<\/strong><br>Nouvelle route Bonaberi face AGL<br>T\u00e9l.&nbsp;: 233.03.49.87<br>Email&nbsp;: agtsetezo@areaassurances.com<\/td><\/tr><tr><td><strong>Bureau Direct Bonamoussadi<\/strong><br>Denver plazza au rez de chauss\u00e9 de l\u2019immeuble<br>Tel&nbsp;: 243.09.02.60<br>Email&nbsp;:bdbonamoussadi@areaassurance.com<\/td><td><strong>Agent G\u00e9n\u00e9ral le Bouclier<\/strong><br> 1 &#8211; Camp Yabassi entre les 2 stations service Total<br>T\u00e9l.&nbsp;: 699.90.16.32<br>Email&nbsp;:agproassur@areaassurances.com<br>2 &#8211; BEPENDA BONABO<\/td><\/tr><tr><td><strong>Bureau Direct Nofia<\/strong><br><strong>Entre la Bank Bicec et El\u00e9gance pressing<\/strong><br><strong>Tel&nbsp;:<\/strong> 620.32.73.14<br>Email&nbsp;: <a href=\"mailto:bdnofia@areaassurance.com\">bdnofia@areaassurance.com<\/a><\/td><td><strong>Agent G\u00e9n\u00e9ral SHAMMAH Assur sarl<\/strong><br>Face Quiferou Grand Moulin<br>Email&nbsp;: <a href=\"mailto:agshammah@areaassurances.com\">agshammah@areaassurances.com<\/a><\/td><\/tr><tr><td><strong>Bureau Direct YASSA<\/strong><br>Carrefour ARIC Face Pharmacie NGODI BAKOKO<br>T\u00e9l&nbsp;: 694&nbsp;188 319<br>Email&nbsp;:<strong> <\/strong>bdyassa@areaassurances.com<\/td><td><\/td><\/tr><tr><td><strong>Bureau Direct Bonab\u00e9ri<\/strong><br>Face NOSUCA<br>T\u00e9l&nbsp;: 699 99 88 92<br>Email&nbsp;:bdbonaberi@areaassurances.com<\/td><td><\/td><\/tr><\/tbody><\/table><\/figure>\n<\/details>\n\n\n\n<details class=\"wp-block-details is-layout-flow wp-block-details-is-layout-flow\"><summary>CENTRE<\/summary>\n<p><\/p>\n\n\n\n<figure class=\"wp-block-table\"><table class=\"has-fixed-layout\"><thead><tr><th>Nos Bureaux Directs<\/th><th>Nos Agents G\u00e9n\u00e9raux<\/th><\/tr><\/thead><tbody><tr><td><strong>Bureau Direct Tsinga<\/strong><br>Face ancienne Mairie Yaound\u00e9 2<sup>e<\/sup><br>T\u00e9l.&nbsp;: 243 03 49 82<br>Email&nbsp;: <a href=\"mailto:bdtsinga@areaassurances.com\">bdtsinga@areaassurances.com<\/a><\/td><td><strong>Agent G\u00e9n\u00e9ral Fly Insurance Corporation<\/strong><br>Ancienne Marie Nkondengui Yaound\u00e9<br>T\u00e9l.&nbsp;: 220.30.57.54 \/ 695.315.14.82<br>Email&nbsp;:agflyinsurance@areaassurance.com<\/td><\/tr><tr><td><strong>Bureau Direct Nlongkak<\/strong><br>Vall\u00e9e Nlongkak face Eglise Evang\u00e9lique<br>Tel&nbsp;:620.93.91.09<br>Email&nbsp;<strong>: <\/strong><a href=\"mailto:bdnlongkak@areaassurances.com\">bdnlongkak@areaassurances.com<\/a><\/td><td><strong>Agent G\u00e9n\u00e9ral Kit Assur<\/strong><br>Face d\u00e9p\u00f4t Guinness Mendong Yaound\u00e9<br>Email&nbsp;:agkitassur@areaassurance.com<a href=\"mailto:bdjouvence@areaassurance.com\"><\/a><\/td><\/tr><tr><td><strong>Bureau Direct Biyem-Assi<\/strong><br>A c\u00f4t\u00e9 de Camtel et H\u00f4pital de Biyem-Assi<br>Email&nbsp;: <a href=\"mailto:bdbiyemassi@areaassurances.com\">bdbiyemassi@areaassurances.com<\/a><br>T\u00e9l&nbsp;: 699 62 98 71\/673 071 093<\/td><td><strong>Agent G\u00e9n\u00e9ral le Bouclier<\/strong><br> 1 &#8211; Camp Yabassi entre les 2 stations service Total<br>T\u00e9l.&nbsp;: 699.90.16.32<br>Email&nbsp;:agproassur@areaassurances.com<br>2 &#8211; BEPENDA BONABO<\/td><\/tr><\/tbody><\/table><\/figure>\n<\/details>\n\n\n\n<details class=\"wp-block-details is-layout-flow wp-block-details-is-layout-flow\"><summary>OUEST<\/summary>\n<p><\/p>\n\n\n\n<figure class=\"wp-block-table\"><table class=\"has-fixed-layout\"><thead><tr><th>Nos Bureaux Directs<\/th><th>Nos Agents G\u00e9n\u00e9raux<\/th><\/tr><\/thead><tbody><tr><td><strong>Bureau Direct Bafoussam<\/strong><br>Entr\u00e9e Ecole Normale Baleng<br>T\u00e9l.&nbsp;: 243.71.99.21<br>Email&nbsp;: <a href=\"mailto:bdbafoussam@areaassurances.com\">bdbafoussam@areaassurances.com<\/a><\/td><td><strong>Agent G\u00e9n\u00e9ral Ymele SARL (MBOUDA)<\/strong><br>Face Agence banque SGS<br>T\u00e9l.&nbsp;: 679 44 58 59<br>Email&nbsp;: agymele@areaassurances.com<\/td><\/tr><tr><td><\/td><td><strong>Agent G\u00e9n\u00e9ral Star Assur (DSCHANG)<\/strong><br>Derri\u00e8re la place des f\u00eates c\u00f4t\u00e9 H\u00f4tel de Ville&nbsp;&nbsp;&nbsp; T\u00e9l.&nbsp;: 699 96 01 59<br>Email&nbsp;: <a href=\"mailto:starassur@areaassurances.com\">starassur@areaassurances.com<\/a><a href=\"mailto:bdjouvence@areaassurance.com\"><\/a><\/td><\/tr><\/tbody><\/table><\/figure>\n<\/details>\n\n\n\n<details class=\"wp-block-details is-layout-flow wp-block-details-is-layout-flow\"><summary>NORD-OUEST<\/summary>\n<p><\/p>\n\n\n\n<figure class=\"wp-block-table\"><table class=\"has-fixed-layout\"><thead><tr><th>Nos Bureaux Directs<\/th><th>Nos Agents G\u00e9n\u00e9raux<\/th><\/tr><\/thead><tbody><tr><td><strong>Bureau Direct Bamenda<\/strong><br>Kwen face PMI<br>T\u00e9l&nbsp;: 699 99 99 34<br>Email&nbsp;: <a href=\"mailto:bdbamenda2@areaassurances.com\">bdbamenda2@areaassurances.com<\/a><\/td><td><\/td><\/tr><\/tbody><\/table><\/figure>\n<\/details>\n\n\n\n<details class=\"wp-block-details is-layout-flow wp-block-details-is-layout-flow\"><summary>SUD-OUEST<\/summary>\n<p><\/p>\n\n\n\n<figure class=\"wp-block-table\"><table class=\"has-fixed-layout\"><thead><tr><th>Nos Bureaux Directs<\/th><th>Nos Agents G\u00e9n\u00e9raux<\/th><\/tr><\/thead><tbody><tr><td><strong>Bureau Direct Limbe<\/strong><br>Newtown old market<br>Email: <a href=\"mailto:bdlimbe@areaassurances.com\">bdlimbe@areaassurances.com<\/a><br>T\u00e9l: 695 81 92 97<\/td><td><strong>Agent G\u00e9n\u00e9ral Nyamsi (KUMBA)<\/strong><br>Commercial Avenue<br>T\u00e9l.&nbsp;: 243.03.49.91<br>Email&nbsp;: agnyamsi@areaassurances.com<a href=\"mailto:bdkumba@areaassurance.com\"><\/a><\/td><\/tr><\/tbody><\/table><\/figure>\n<\/details>\n\n\n\n<details class=\"wp-block-details is-layout-flow wp-block-details-is-layout-flow\"><summary>EST<\/summary>\n<p><\/p>\n\n\n\n<figure class=\"wp-block-table\"><table class=\"has-fixed-layout\"><thead><tr><th>Nos Bureaux Directs<\/th><th>Nos Agents G\u00e9n\u00e9raux<\/th><\/tr><\/thead><tbody><tr><td><strong>Bureau Direct Bertoua<\/strong><br>Face Pharmacie Stella<br>T\u00e9l.&nbsp;: 620.13.22.84<br>Email&nbsp;: <a href=\"mailto:bdbertoua@areaassurances.com\">bdbertoua@areaassurances.com<\/a><\/td><td><a href=\"mailto:bdkumba@areaassurance.com\"><\/a><\/td><\/tr><\/tbody><\/table><\/figure>\n<\/details>\n\n\n\n<details class=\"wp-block-details is-layout-flow wp-block-details-is-layout-flow\"><summary>NORD<\/summary>\n<p><\/p>\n\n\n\n<figure class=\"wp-block-table\"><table class=\"has-fixed-layout\"><thead><tr><th>Nos Bureaux Directs<\/th><th>Nos Agents G\u00e9n\u00e9raux<\/th><\/tr><\/thead><tbody><tr><td><strong>Bureau Direct Garoua<\/strong><br>Centre commercial \u00e0 l\u2019avenue des banques au premier \u00e9tage<br>T\u00e9l&nbsp;: 621 00 17 81<br>Email&nbsp;: <a href=\"mailto:bdgaroua@areaassurances.com\">bdgaroua@areaassurances.com<\/a><\/td><td><a href=\"mailto:bdkumba@areaassurance.com\"><\/a><\/td><\/tr><\/tbody><\/table><\/figure>\n<\/details>\n\n\n\n<details class=\"wp-block-details is-layout-flow wp-block-details-is-layout-flow\"><summary>SUD<\/summary>\n<p><\/p>\n\n\n\n<figure class=\"wp-block-table\"><table class=\"has-fixed-layout\"><thead><tr><th>Nos Bureaux Directs<\/th><th>Nos Agents G\u00e9n\u00e9raux<\/th><\/tr><\/thead><tbody><tr><td><strong>Bureau Direct Kribi<\/strong><br>T\u00e9l&nbsp;: 621 00 17 80<br><strong>Email:<\/strong>bdkribi@areaassurances.com<\/td><td><a href=\"mailto:bdkumba@areaassurance.com\"><\/a><\/td><\/tr><\/tbody><\/table><\/figure>\n<\/details>\n\n\n\n<details class=\"wp-block-details is-layout-flow wp-block-details-is-layout-flow\"><summary>EXTREME-NORD<\/summary>\n<p><\/p>\n\n\n\n<figure class=\"wp-block-table\"><table class=\"has-fixed-layout\"><thead><tr><th>Nos Bureaux Directs<\/th><th>Nos Agents G\u00e9n\u00e9raux<\/th><\/tr><\/thead><tbody><tr><td><strong>Bureau Direct Maroua&nbsp;&nbsp;<\/strong><br>Entr\u00e9e ville \u00e0 c\u00f4t\u00e9 Station O\u00efl Lybia<br>Tel&nbsp;: 694 09 63 63<br>Email:bdmaroua@areaassurances.com<\/td><td><a href=\"mailto:bdkumba@areaassurance.com\"><\/a><\/td><\/tr><\/tbody><\/table><\/figure>\n<\/details>\n\n\n\n<details class=\"wp-block-details is-layout-flow wp-block-details-is-layout-flow\"><summary>ADAMOUA<\/summary>\n<p><\/p>\n\n\n\n<figure class=\"wp-block-table\"><table class=\"has-fixed-layout\"><thead><tr><th>Nos Bureaux Directs<\/th><th>Nos Agents G\u00e9n\u00e9raux<\/th><\/tr><\/thead><tbody><tr><td><\/td><td><strong>Agent G\u00e9n\u00e9ral Area Soleil (NGAOUNDERE)<\/strong><br>Place des f\u00eates \u00e0 c\u00f4t\u00e9 de la mosqu\u00e9e<br>T\u00e9l.&nbsp;: 222.25.23.35<br>Email&nbsp;: agareasoleil@areaasuraces.com<a href=\"mailto:bdngaoundere@areaassurance.com\"><\/a><a href=\"mailto:bdkumba@areaassurance.com\"><\/a><\/td><\/tr><\/tbody><\/table><\/figure>\n<\/details>\n","protected":false},"excerpt":{"rendered":"<p>NOTRE RESEAU DE BUREAUX DIRECTS ET AGENTS GENERAUX<\/p>\n","protected":false},"author":1,"featured_media":0,"parent":0,"menu_order":7,"comment_status":"closed","ping_status":"closed","template":"templates\/template-page-full-width.php","meta":{"footnotes":""},"class_list":["post-55","page","type-page","status-publish","hentry"],"_links":{"self":[{"href":"https:\/\/areaassurances.com\/index.php\/wp-json\/wp\/v2\/pages\/55","targetHints":{"allow":["GET"]}}],"collection":[{"href":"https:\/\/areaassurances.com\/index.php\/wp-json\/wp\/v2\/pages"}],"about":[{"href":"https:\/\/areaassurances.com\/index.php\/wp-json\/wp\/v2\/types\/page"}],"author":[{"embeddable":true,"href":"https:\/\/areaassurances.com\/index.php\/wp-json\/wp\/v2\/users\/1"}],"replies":[{"embeddable":true,"href":"https:\/\/areaassurances.com\/index.php\/wp-json\/wp\/v2\/comments?post=55"}],"version-history":[{"count":11,"href":"https:\/\/areaassurances.com\/index.php\/wp-json\/wp\/v2\/pages\/55\/revisions"}],"predecessor-version":[{"id":272,"href":"https:\/\/areaassurances.com\/index.php\/wp-json\/wp\/v2\/pages\/55\/revisions\/272"}],"wp:attachment":[{"href":"https:\/\/areaassurances.com\/index.php\/wp-json\/wp\/v2\/media?parent=55"}],"curies":[{"name":"wp","href":"https:\/\/api.w.org\/{rel}","templated":true}]}}