{"id":84,"date":"2024-03-10T22:15:54","date_gmt":"2024-03-10T21:15:54","guid":{"rendered":"http:\/\/localhost:8888\/2024\/AREAASSURANCES\/v1\/?page_id=84"},"modified":"2025-03-17T16:08:03","modified_gmt":"2025-03-17T15:08:03","slug":"assurance-voyage","status":"publish","type":"page","link":"https:\/\/areaassurances.com\/index.php\/produits\/particuliers\/assurance-voyage\/","title":{"rendered":"Assurance Voyage"},"content":{"rendered":"\n<div class=\"wp-block-buttons is-layout-flex wp-block-buttons-is-layout-flex\">\n<div class=\"wp-block-button\"><a class=\"wp-block-button__link wp-element-button\">Assurance Voyage<\/a><\/div>\n<\/div>\n\n\n\n<p>Pour vos voyages \u00e0 l\u2019\u00e9tranger, <strong>AREA ASSURANCES<\/strong> vous propose une <strong>assurance voyage<\/strong> adapt\u00e9e \u00e0 vos besoins et \u00e0 votre budget. En fonction de la dur\u00e9e de votre s\u00e9jour, vous disposez des tarifs souples et comp\u00e9titifs avec des garanties telles que&nbsp;:<\/p>\n\n\n\n<ul class=\"wp-block-list\">\n<li>La prise en charge des frais m\u00e9dicaux d\u2019urgence<\/li>\n\n\n\n<li>Assistance m\u00e9dicale d\u2019urgence,<\/li>\n\n\n\n<li>Rapatriement du corps en cas de d\u00e9c\u00e8s<\/li>\n<\/ul>\n\n\n\n<blockquote class=\"wp-block-quote is-style-default is-layout-flow wp-block-quote-is-layout-flow\">\n<p><\/p>\n<cite>Notre partenaire assisteur couvre un vaste un r\u00e9seau qui s\u2019\u00e9tend en Afrique, Europe, Asie et dans le reste du monde<\/cite><\/blockquote>\n\n\n\n<figure class=\"wp-block-gallery has-nested-images columns-default is-cropped wp-block-gallery-1 is-layout-flex wp-block-gallery-is-layout-flex\">\n<figure class=\"wp-block-image size-large\"><img loading=\"lazy\" decoding=\"async\" width=\"1024\" height=\"1024\" data-id=\"330\" src=\"https:\/\/areaassurances.com\/wp-content\/uploads\/Voyage-1.png\" alt=\"\" class=\"wp-image-330\" srcset=\"https:\/\/areaassurances.com\/wp-content\/uploads\/Voyage-1.png 1024w, https:\/\/areaassurances.com\/wp-content\/uploads\/Voyage-1-300x300.png 300w, https:\/\/areaassurances.com\/wp-content\/uploads\/Voyage-1-150x150.png 150w, https:\/\/areaassurances.com\/wp-content\/uploads\/Voyage-1-768x768.png 768w\" sizes=\"auto, (max-width: 1024px) 100vw, 1024px\" \/><\/figure>\n\n\n\n<figure class=\"wp-block-image size-large\"><img loading=\"lazy\" decoding=\"async\" width=\"1024\" height=\"1024\" data-id=\"331\" src=\"https:\/\/areaassurances.com\/wp-content\/uploads\/Voyage2.png\" alt=\"\" class=\"wp-image-331\" srcset=\"https:\/\/areaassurances.com\/wp-content\/uploads\/Voyage2.png 1024w, https:\/\/areaassurances.com\/wp-content\/uploads\/Voyage2-300x300.png 300w, https:\/\/areaassurances.com\/wp-content\/uploads\/Voyage2-150x150.png 150w, https:\/\/areaassurances.com\/wp-content\/uploads\/Voyage2-768x768.png 768w\" sizes=\"auto, (max-width: 1024px) 100vw, 1024px\" \/><\/figure>\n<\/figure>\n\n\n\n<p><\/p>\n","protected":false},"excerpt":{"rendered":"<p>Pour vos voyages \u00e0 l\u2019\u00e9tranger, AREA ASSURANCES vous propose une assurance voyage adapt\u00e9e \u00e0 vos besoins et \u00e0 votre budget. En fonction de la dur\u00e9e de votre s\u00e9jour, vous disposez des tarifs souples et comp\u00e9titifs avec des garanties telles que&nbsp;: Notre partenaire assisteur couvre un vaste un r\u00e9seau qui s\u2019\u00e9tend en Afrique, Europe, Asie et [&hellip;]<\/p>\n","protected":false},"author":1,"featured_media":0,"parent":37,"menu_order":1,"comment_status":"closed","ping_status":"closed","template":"","meta":{"footnotes":""},"class_list":["post-84","page","type-page","status-publish","hentry"],"_links":{"self":[{"href":"https:\/\/areaassurances.com\/index.php\/wp-json\/wp\/v2\/pages\/84","targetHints":{"allow":["GET"]}}],"collection":[{"href":"https:\/\/areaassurances.com\/index.php\/wp-json\/wp\/v2\/pages"}],"about":[{"href":"https:\/\/areaassurances.com\/index.php\/wp-json\/wp\/v2\/types\/page"}],"author":[{"embeddable":true,"href":"https:\/\/areaassurances.com\/index.php\/wp-json\/wp\/v2\/users\/1"}],"replies":[{"embeddable":true,"href":"https:\/\/areaassurances.com\/index.php\/wp-json\/wp\/v2\/comments?post=84"}],"version-history":[{"count":2,"href":"https:\/\/areaassurances.com\/index.php\/wp-json\/wp\/v2\/pages\/84\/revisions"}],"predecessor-version":[{"id":332,"href":"https:\/\/areaassurances.com\/index.php\/wp-json\/wp\/v2\/pages\/84\/revisions\/332"}],"up":[{"embeddable":true,"href":"https:\/\/areaassurances.com\/index.php\/wp-json\/wp\/v2\/pages\/37"}],"wp:attachment":[{"href":"https:\/\/areaassurances.com\/index.php\/wp-json\/wp\/v2\/media?parent=84"}],"curies":[{"name":"wp","href":"https:\/\/api.w.org\/{rel}","templated":true}]}}