{"id":91,"date":"2024-03-10T22:24:37","date_gmt":"2024-03-10T21:24:37","guid":{"rendered":"http:\/\/localhost:8888\/2024\/AREAASSURANCES\/v1\/?page_id=91"},"modified":"2025-03-17T16:59:44","modified_gmt":"2025-03-17T15:59:44","slug":"responsabilite-civile-chef-dentreprise","status":"publish","type":"page","link":"https:\/\/areaassurances.com\/index.php\/produits\/professionnels-et-entreprises\/responsabilite-civile-chef-dentreprise\/","title":{"rendered":"Responsabilit\u00e9 Civile Chef d\u2019entreprise\u00a0"},"content":{"rendered":"\n<div class=\"wp-block-buttons is-layout-flex wp-block-buttons-is-layout-flex\">\n<div class=\"wp-block-button\"><a class=\"wp-block-button__link wp-element-button\"><strong>Responsabilit\u00e9 Civile Chef d\u2019entreprise&nbsp;<\/strong><\/a><\/div>\n<\/div>\n\n\n\n<p>l\u2019assurance responsabilit\u00e9 civile chef d\u2019entreprise a pour objet de vous garantir contre les cons\u00e9quences p\u00e9cuniaires de votre responsabilit\u00e9 civile et d\u00e9coulant de la pratique de votre activit\u00e9 professionnelle. Les dommages couverts par l\u2019assurance responsabilit\u00e9 civile chef d\u2019entreprise peuvent \u00eatre corporel, mat\u00e9riel, immat\u00e9riel et concern\u00e9 aussi bien vos clients que des tiers.<\/p>\n\n\n\n<p>Que vous soyez profession lib\u00e9rale (avocat, architecte, m\u00e9decin, expert-comptable, \u2026), PME ou une grande entreprise commerciale, industrielle ou de service, <strong>AREA ASSURANCES<\/strong> vous offre des solutions adapt\u00e9es \u00e0 votre besoins et \u00e0 votre budget&nbsp;:<\/p>\n\n\n\n<ul class=\"wp-block-list\">\n<li>La responsabilit\u00e9 civile exploitation <\/li>\n\n\n\n<li>La responsabilit\u00e9 civile professionnelle \/ contractuelle<\/li>\n<\/ul>\n\n\n\n<blockquote class=\"wp-block-quote is-layout-flow wp-block-quote-is-layout-flow\">\n<p><\/p>\n<cite>Pour souscrire il vous suffit de r\u00e9pondre au questionnaire proposition que vous trouverez dans un de nos bureaux et vous b\u00e9n\u00e9ficierez de nos meilleures solutions d\u2019assurance.<\/cite><\/blockquote>\n\n\n\n<figure class=\"wp-block-gallery has-nested-images columns-default is-cropped wp-block-gallery-1 is-layout-flex wp-block-gallery-is-layout-flex\">\n<figure class=\"wp-block-image size-large\"><img loading=\"lazy\" decoding=\"async\" width=\"1024\" height=\"1024\" data-id=\"358\" src=\"https:\/\/areaassurances.com\/wp-content\/uploads\/rc-chef1.png\" alt=\"\" class=\"wp-image-358\" srcset=\"https:\/\/areaassurances.com\/wp-content\/uploads\/rc-chef1.png 1024w, https:\/\/areaassurances.com\/wp-content\/uploads\/rc-chef1-300x300.png 300w, https:\/\/areaassurances.com\/wp-content\/uploads\/rc-chef1-150x150.png 150w, https:\/\/areaassurances.com\/wp-content\/uploads\/rc-chef1-768x768.png 768w\" sizes=\"auto, (max-width: 1024px) 100vw, 1024px\" \/><\/figure>\n\n\n\n<figure class=\"wp-block-image size-large\"><img loading=\"lazy\" decoding=\"async\" width=\"1024\" height=\"1024\" data-id=\"357\" src=\"https:\/\/areaassurances.com\/wp-content\/uploads\/rc-chef2.png\" alt=\"\" class=\"wp-image-357\" srcset=\"https:\/\/areaassurances.com\/wp-content\/uploads\/rc-chef2.png 1024w, https:\/\/areaassurances.com\/wp-content\/uploads\/rc-chef2-300x300.png 300w, https:\/\/areaassurances.com\/wp-content\/uploads\/rc-chef2-150x150.png 150w, https:\/\/areaassurances.com\/wp-content\/uploads\/rc-chef2-768x768.png 768w\" sizes=\"auto, (max-width: 1024px) 100vw, 1024px\" \/><\/figure>\n<\/figure>\n","protected":false},"excerpt":{"rendered":"<p>l\u2019assurance responsabilit\u00e9 civile chef d\u2019entreprise a pour objet de vous garantir contre les cons\u00e9quences p\u00e9cuniaires de votre responsabilit\u00e9 civile et d\u00e9coulant de la pratique de votre activit\u00e9 professionnelle. Les dommages couverts par l\u2019assurance responsabilit\u00e9 civile chef d\u2019entreprise peuvent \u00eatre corporel, mat\u00e9riel, immat\u00e9riel et concern\u00e9 aussi bien vos clients que des tiers. Que vous soyez profession [&hellip;]<\/p>\n","protected":false},"author":1,"featured_media":0,"parent":39,"menu_order":0,"comment_status":"closed","ping_status":"closed","template":"templates\/template-page-full-width.php","meta":{"footnotes":""},"class_list":["post-91","page","type-page","status-publish","hentry"],"_links":{"self":[{"href":"https:\/\/areaassurances.com\/index.php\/wp-json\/wp\/v2\/pages\/91","targetHints":{"allow":["GET"]}}],"collection":[{"href":"https:\/\/areaassurances.com\/index.php\/wp-json\/wp\/v2\/pages"}],"about":[{"href":"https:\/\/areaassurances.com\/index.php\/wp-json\/wp\/v2\/types\/page"}],"author":[{"embeddable":true,"href":"https:\/\/areaassurances.com\/index.php\/wp-json\/wp\/v2\/users\/1"}],"replies":[{"embeddable":true,"href":"https:\/\/areaassurances.com\/index.php\/wp-json\/wp\/v2\/comments?post=91"}],"version-history":[{"count":4,"href":"https:\/\/areaassurances.com\/index.php\/wp-json\/wp\/v2\/pages\/91\/revisions"}],"predecessor-version":[{"id":359,"href":"https:\/\/areaassurances.com\/index.php\/wp-json\/wp\/v2\/pages\/91\/revisions\/359"}],"up":[{"embeddable":true,"href":"https:\/\/areaassurances.com\/index.php\/wp-json\/wp\/v2\/pages\/39"}],"wp:attachment":[{"href":"https:\/\/areaassurances.com\/index.php\/wp-json\/wp\/v2\/media?parent=91"}],"curies":[{"name":"wp","href":"https:\/\/api.w.org\/{rel}","templated":true}]}}