{"id":93,"date":"2024-03-10T22:25:41","date_gmt":"2024-03-10T21:25:41","guid":{"rendered":"http:\/\/localhost:8888\/2024\/AREAASSURANCES\/v1\/?page_id=93"},"modified":"2025-03-17T16:32:14","modified_gmt":"2025-03-17T15:32:14","slug":"assurance-globale-dommages","status":"publish","type":"page","link":"https:\/\/areaassurances.com\/index.php\/produits\/professionnels-et-entreprises\/assurance-globale-dommages\/","title":{"rendered":"Assurance Globale Dommages"},"content":{"rendered":"\n<div class=\"wp-block-buttons is-layout-flex wp-block-buttons-is-layout-flex\">\n<div class=\"wp-block-button\"><a class=\"wp-block-button__link wp-element-button\"><strong>Assurance Globale Dommages<\/strong><\/a><\/div>\n<\/div>\n\n\n\n<p>L\u2019assurance globale dommages a pour objet de prot\u00e9ger les biens de votre entreprise (b\u00e2timents et leur contenu) contre les risques auxquels ils peuvent \u00eatre expos\u00e9s dans le cadre de votre activit\u00e9. L\u2019assurance Globale Dommages est essentielle pour la p\u00e9rennit\u00e9 de votre entreprise.<\/p>\n\n\n\n<p>En fonction des sp\u00e9cificit\u00e9s de votre activit\u00e9 et de vos besoins, nous vous proposons des garanties parmi lesquelles&nbsp;:<\/p>\n\n\n\n<ul class=\"wp-block-list\">\n<li>Incendie\/ explosion\/chute de la foudre, et risques annexes<\/li>\n\n\n\n<li><span style=\"font-family: -apple-system, BlinkMacSystemFont, &quot;Segoe UI&quot;, Roboto, Oxygen-Sans, Ubuntu, Cantarell, &quot;Helvetica Neue&quot;, sans-serif;\">Pertes d\u2019exploitation apr\u00e8s incendie et\/ou bris de machines<\/span><\/li>\n\n\n\n<li><span style=\"font-family: -apple-system, BlinkMacSystemFont, &quot;Segoe UI&quot;, Roboto, Oxygen-Sans, Ubuntu, Cantarell, &quot;Helvetica Neue&quot;, sans-serif;\">Vol par effraction<\/span><\/li>\n\n\n\n<li><span style=\"font-family: -apple-system, BlinkMacSystemFont, &quot;Segoe UI&quot;, Roboto, Oxygen-Sans, Ubuntu, Cantarell, &quot;Helvetica Neue&quot;, sans-serif;\">D\u00e9g\u00e2ts des eaux<\/span><\/li>\n\n\n\n<li><span style=\"font-family: -apple-system, BlinkMacSystemFont, &quot;Segoe UI&quot;, Roboto, Oxygen-Sans, Ubuntu, Cantarell, &quot;Helvetica Neue&quot;, sans-serif;\">Bris de glaces et surfaces vitr\u00e9es<\/span><\/li>\n\n\n\n<li>Tous risques informatiques,<\/li>\n\n\n\n<li>Bris de machines.<\/li>\n<\/ul>\n\n\n\n<blockquote class=\"wp-block-quote is-layout-flow wp-block-quote-is-layout-flow\">\n<p><\/p>\n<cite><strong>Atouts<\/strong>&nbsp;: tarif adapt\u00e9, contrat sur mesure, indemnisation dans les meilleurs d\u00e9lais.<\/cite><\/blockquote>\n\n\n\n<figure class=\"wp-block-gallery has-nested-images columns-default is-cropped wp-block-gallery-1 is-layout-flex wp-block-gallery-is-layout-flex\">\n<figure class=\"wp-block-image size-large\"><img loading=\"lazy\" decoding=\"async\" width=\"1024\" height=\"1024\" data-id=\"347\" src=\"https:\/\/areaassurances.com\/wp-content\/uploads\/Trc2.png\" alt=\"\" class=\"wp-image-347\" srcset=\"https:\/\/areaassurances.com\/wp-content\/uploads\/Trc2.png 1024w, https:\/\/areaassurances.com\/wp-content\/uploads\/Trc2-300x300.png 300w, https:\/\/areaassurances.com\/wp-content\/uploads\/Trc2-150x150.png 150w, https:\/\/areaassurances.com\/wp-content\/uploads\/Trc2-768x768.png 768w\" sizes=\"auto, (max-width: 1024px) 100vw, 1024px\" \/><\/figure>\n\n\n\n<figure class=\"wp-block-image size-large\"><img loading=\"lazy\" decoding=\"async\" width=\"1024\" height=\"1024\" data-id=\"346\" src=\"https:\/\/areaassurances.com\/wp-content\/uploads\/TRC1.png\" alt=\"\" class=\"wp-image-346\" srcset=\"https:\/\/areaassurances.com\/wp-content\/uploads\/TRC1.png 1024w, https:\/\/areaassurances.com\/wp-content\/uploads\/TRC1-300x300.png 300w, https:\/\/areaassurances.com\/wp-content\/uploads\/TRC1-150x150.png 150w, https:\/\/areaassurances.com\/wp-content\/uploads\/TRC1-768x768.png 768w\" sizes=\"auto, (max-width: 1024px) 100vw, 1024px\" \/><\/figure>\n<\/figure>\n","protected":false},"excerpt":{"rendered":"<p>L\u2019assurance globale dommages a pour objet de prot\u00e9ger les biens de votre entreprise (b\u00e2timents et leur contenu) contre les risques auxquels ils peuvent \u00eatre expos\u00e9s dans le cadre de votre activit\u00e9. L\u2019assurance Globale Dommages est essentielle pour la p\u00e9rennit\u00e9 de votre entreprise. En fonction des sp\u00e9cificit\u00e9s de votre activit\u00e9 et de vos besoins, nous vous [&hellip;]<\/p>\n","protected":false},"author":1,"featured_media":0,"parent":39,"menu_order":1,"comment_status":"closed","ping_status":"closed","template":"templates\/template-page-full-width.php","meta":{"footnotes":""},"class_list":["post-93","page","type-page","status-publish","hentry"],"_links":{"self":[{"href":"https:\/\/areaassurances.com\/index.php\/wp-json\/wp\/v2\/pages\/93","targetHints":{"allow":["GET"]}}],"collection":[{"href":"https:\/\/areaassurances.com\/index.php\/wp-json\/wp\/v2\/pages"}],"about":[{"href":"https:\/\/areaassurances.com\/index.php\/wp-json\/wp\/v2\/types\/page"}],"author":[{"embeddable":true,"href":"https:\/\/areaassurances.com\/index.php\/wp-json\/wp\/v2\/users\/1"}],"replies":[{"embeddable":true,"href":"https:\/\/areaassurances.com\/index.php\/wp-json\/wp\/v2\/comments?post=93"}],"version-history":[{"count":4,"href":"https:\/\/areaassurances.com\/index.php\/wp-json\/wp\/v2\/pages\/93\/revisions"}],"predecessor-version":[{"id":354,"href":"https:\/\/areaassurances.com\/index.php\/wp-json\/wp\/v2\/pages\/93\/revisions\/354"}],"up":[{"embeddable":true,"href":"https:\/\/areaassurances.com\/index.php\/wp-json\/wp\/v2\/pages\/39"}],"wp:attachment":[{"href":"https:\/\/areaassurances.com\/index.php\/wp-json\/wp\/v2\/media?parent=93"}],"curies":[{"name":"wp","href":"https:\/\/api.w.org\/{rel}","templated":true}]}}